{"id":3023,"date":"2026-03-27T13:57:34","date_gmt":"2026-03-27T12:57:34","guid":{"rendered":"https:\/\/erwinweiler-art.com\/rechtliches\/"},"modified":"2026-03-31T12:23:12","modified_gmt":"2026-03-31T10:23:12","slug":"rechtliches","status":"publish","type":"page","link":"https:\/\/erwinweiler-art.com\/de\/rechtliches\/","title":{"rendered":"Rechtliches"},"content":{"rendered":"\t\t<div data-elementor-type=\"wp-page\" data-elementor-id=\"3023\" class=\"elementor elementor-3023 elementor-2346\" data-elementor-post-type=\"page\">\n\t\t\t\t<div class=\"elementor-element elementor-element-8fbc156 e-flex e-con-boxed e-con e-parent\" data-id=\"8fbc156\" data-element_type=\"container\" data-e-type=\"container\">\n\t\t\t\t\t<div class=\"e-con-inner\">\n\t\t\t\t<div class=\"elementor-element elementor-element-ca97b59 elementor-widget elementor-widget-heading\" data-id=\"ca97b59\" data-element_type=\"widget\" data-e-type=\"widget\" data-widget_type=\"heading.default\">\n\t\t\t\t\t<h1 class=\"elementor-heading-title elementor-size-default\">Rechtliche Hinweise \/ Impressum<\/h1>\t\t\t\t<\/div>\n\t\t\t\t<div class=\"elementor-element elementor-element-82d04ad elementor-widget elementor-widget-spacer\" data-id=\"82d04ad\" data-element_type=\"widget\" data-e-type=\"widget\" data-widget_type=\"spacer.default\">\n\t\t\t\t\t\t\t<div class=\"elementor-spacer\">\n\t\t\t<div class=\"elementor-spacer-inner\"><\/div>\n\t\t<\/div>\n\t\t\t\t\t\t<\/div>\n\t\t\t\t<div class=\"elementor-element elementor-element-a821ca4 elementor-widget elementor-widget-text-editor\" data-id=\"a821ca4\" data-element_type=\"widget\" data-e-type=\"widget\" data-widget_type=\"text-editor.default\">\n\t\t\t\t\t\t\t\t\t<p>Informationen gem\u00e4\u00df \u00f6sterreichischem Recht (\u00a7 5 ECG, \u00a7 25 MedienG)<\/p><p>Erwin Weiler<br><strong>Adresse:<\/strong> auf Anfrage (privat)<br><strong>E-Mail:<\/strong> info@erwinweiler-art.com<br><strong>Website:<\/strong> https:\/\/erwinweiler-art.com<\/p><p><strong>Gesch\u00e4ftszweck:<\/strong> Fotografie \/ k\u00fcnstlerische Fotografie<\/p><p><strong>Berufsbezeichnung:<\/strong> Fotograf<br><strong>Verleihungsstaat:<\/strong> \u00d6sterreich<\/p><p>Haftung f\u00fcr Inhalte<br>Die Inhalte dieser Website wurden mit gr\u00f6\u00dfter Sorgfalt erstellt. F\u00fcr die Richtigkeit, Vollst\u00e4ndigkeit und Aktualit\u00e4t k\u00f6nnen wir jedoch keine Gew\u00e4hr \u00fcbernehmen. <\/p><p><strong>Haftung f\u00fcr Links<\/strong><br>Diese Website enth\u00e4lt Links zu externen Websites. F\u00fcr deren Inhalte sind wir nicht verantwortlich. <\/p><p><strong>Urheberrecht<\/strong><br>Alle Inhalte (insbesondere Fotografien und Kunstwerke) sind urheberrechtlich gesch\u00fctzt. Jede Nutzung bedarf der ausdr\u00fccklichen Genehmigung. <\/p><p><strong>Hinweis zu Inhalten f\u00fcr Erwachsene<\/strong><br>Diese Website enth\u00e4lt k\u00fcnstlerische Aktfotografie. Der Zugang ist Personen ab 18 Jahren vorbehalten. <\/p>\t\t\t\t\t\t\t\t<\/div>\n\t\t\t\t\t<\/div>\n\t\t\t\t<\/div>\n\t\t\t\t<\/div>\n\t\t","protected":false},"excerpt":{"rendered":"<p>Rechtliche Hinweise \/ Impressum Informationen gem\u00e4\u00df \u00f6sterreichischem Recht (\u00a7 5 ECG, \u00a7 25 MedienG) Erwin WeilerAdresse: auf Anfrage (privat)E-Mail: info@erwinweiler-art.comWebsite: https:\/\/erwinweiler-art.com Gesch\u00e4ftszweck: Fotografie \/ k\u00fcnstlerische Fotografie Berufsbezeichnung: FotografVerleihungsstaat: \u00d6sterreich Haftung f\u00fcr InhalteDie Inhalte dieser Website wurden mit gr\u00f6\u00dfter Sorgfalt erstellt. F\u00fcr die Richtigkeit, Vollst\u00e4ndigkeit und Aktualit\u00e4t k\u00f6nnen wir jedoch keine Gew\u00e4hr \u00fcbernehmen. Haftung f\u00fcr LinksDiese [&hellip;]<\/p>\n","protected":false},"author":2,"featured_media":0,"parent":0,"menu_order":1000,"comment_status":"closed","ping_status":"closed","template":"","meta":{"iawp_total_views":0,"footnotes":""},"class_list":["post-3023","page","type-page","status-publish","hentry"],"_links":{"self":[{"href":"https:\/\/erwinweiler-art.com\/de\/wp-json\/wp\/v2\/pages\/3023","targetHints":{"allow":["GET"]}}],"collection":[{"href":"https:\/\/erwinweiler-art.com\/de\/wp-json\/wp\/v2\/pages"}],"about":[{"href":"https:\/\/erwinweiler-art.com\/de\/wp-json\/wp\/v2\/types\/page"}],"author":[{"embeddable":true,"href":"https:\/\/erwinweiler-art.com\/de\/wp-json\/wp\/v2\/users\/2"}],"replies":[{"embeddable":true,"href":"https:\/\/erwinweiler-art.com\/de\/wp-json\/wp\/v2\/comments?post=3023"}],"version-history":[{"count":1,"href":"https:\/\/erwinweiler-art.com\/de\/wp-json\/wp\/v2\/pages\/3023\/revisions"}],"predecessor-version":[{"id":3024,"href":"https:\/\/erwinweiler-art.com\/de\/wp-json\/wp\/v2\/pages\/3023\/revisions\/3024"}],"wp:attachment":[{"href":"https:\/\/erwinweiler-art.com\/de\/wp-json\/wp\/v2\/media?parent=3023"}],"curies":[{"name":"wp","href":"https:\/\/api.w.org\/{rel}","templated":true}]}}